{"id":117,"date":"2022-09-29T16:40:52","date_gmt":"2022-09-29T13:40:52","guid":{"rendered":"http:\/\/naml.ece.uop.gr\/?page_id=117"},"modified":"2023-01-16T15:16:37","modified_gmt":"2023-01-16T12:16:37","slug":"publications","status":"publish","type":"page","link":"http:\/\/naml.ece.uop.gr\/el\/publications\/","title":{"rendered":"\u0394\u03b7\u03bc\u03bf\u03c3\u03b9\u03b5\u03cd\u03c3\u03b5\u03b9\u03c2"},"content":{"rendered":"<p class=\"has-medium-font-size\"><strong>Recent Publications<\/strong><\/p>\n\n\n\n<p><\/p>\n\n\n\n<p class=\"has-text-align-center has-medium-font-size\"><strong>2020<\/strong><\/p>\n\n\n\n<ol class=\"wp-block-list\">\n<li> Flexible electrochromic tape using steel foil with WO<sub>3<\/sub> thin film Martin Rozman,<sup> <\/sup>Bo\u0161tjan \u017dener,<sup> <\/sup>Lev Matoh,<sup> <\/sup>Regina Fuchs Godec,<sup> <\/sup>Argyroula Mourtzikou, Elias Stathatos, Urban Bren, Miha Luk\u0161i\u010d. Electrochimica Acta 330 (2020) 135329.<\/li>\n\n\n\n<li> Enhancing the efficiency of mixed halide mesoporous perovskite solar cells by introducing amine modified graphene oxide buffer layer. \u00c7i\u011fdem \u015eahin,<sup> <\/sup>Halide Diker,<sup> <\/sup>Dimitra Sygkridou,<sup> <\/sup>Canan Varlikli,<sup> <\/sup>Elias Stathatos. Renewable Energy 146 (2020) 1659-1666.<\/li>\n\n\n\n<li>Exploring the role of defects on diverse properties of Cr-substituted ZnS nanostructures for photocatalytic applications DV Dake, ND Raskar, VA Mane, RB Sonpir, E Stathatos, K Asokan, Applied Physics A 126 (8), (2020) 1-15.<\/li>\n\n\n\n<li>Ambient air-processed mesoscopic solar cells based on methylammonium and phenethylammonium quasi-2D\/3D perovskites D Papadatos, D Sygkridou, E Stathatos Applied Nanoscience 10 (7), (2020) 2165-2175.<\/li>\n\n\n\n<li>Improved performance and stability of hole-conductor-free mesoporous perovskite solar cell with new amino-acid iodide cations A Karavioti, E Vitoratos, E Stathatos Journal of Materials Science: Materials in Electronics 31 (8), (2020) 6109-6117.<\/li>\n\n\n\n<li>Semi-Transparent Dye-Sensitized Solar Panels for Energy Autonomous Greenhouses. A Mourtzikou, D Sygkridou, T Georgakopoulos, G Katsagounos, Int. J. Struct. Constr. Eng 14, (2020) 90-95.<\/li>\n\n\n\n<li>Flexible electrochromic tape using steel foil with WO<sub>3<\/sub> thin film M Rozman, B \u017dener, L Matoh, RF Godec, A Mourtzikou, E Stathatos, Electrochimica Acta 330, (2020) 135329.<\/li>\n\n\n\n<li>Carbon-based, novel triple cation mesoscopic perovskite solar cell fabricated entirely under ambient air conditions, D. Papadatos, D. Sygkridou, E. Stathatos, Materials Letters 268 (2020)127621.<\/li>\n\n\n\n<li>Quasi-Solid-State Electrochromic Cells with Energy Storage Properties Made with Inkjet Printing, K Theodosiou, P Giannopoulos, T Georgakopoulos, E Stathatos, Materials 13 (14), (2020) 3241.<\/li>\n<\/ol>\n\n\n\n<p class=\"has-text-align-center has-medium-font-size\"><strong>2021<\/strong><\/p>\n\n\n\n<ol class=\"wp-block-list\" start=\"10\">\n<li>D-A-\u03c0-A organic dyes with tailored green light absorption for potential application in greenhouse-integrated dye-sensitized solar cells, A. Dess\u00ec, D.A. Chalkias, S. Bilancia, A. Sinicropi, M. Calamante, A. Mordini, A. Karavioti, E. Stathatos, L. Zani, G. Reginato, Sustainable Energy and Fuels 5 (4), (2021) 1171-1183.<\/li>\n\n\n\n<li>A Di-Carbazole-Based Dye as a Potential Sensitizer for Greenhouse-Integrated Dye-Sensitized Solar Cells, D.A. Chalkias, C. Charalampopoulos, S. Aivali, A.K. Andreopoulou, A. Karavioti, E. Stathatos, Energies 14 (4), (2021) 1159.<\/li>\n\n\n\n<li>A facile route toward carbon paste modification, for high-performing bi-functional hole extracting counter electrodes in C-based PSCs, M. Bidikoudi, E. Stathatos, Applied Physics Letters 118 (14), (2021) 143904.<\/li>\n\n\n\n<li>A facile, low-cost and industrially feasible method to implement complex structured perovskites, in stable, C-based perovskite solar cells, M. Bidikoudi, A.N. Kalarakis, E. Stathatos, Solar Energy 220, (2021) 660-670.<\/li>\n\n\n\n<li>Spectral engineering of semi-transparent dye-sensitized solar cells using new triphenylamine-based dyes and an iodine-free electrolyte for greenhouse-oriented applications, D.A. Chalkias, C. Charalampopoulos, A.K. Andreopoulou, A. Karavioti, E. Stathatos, Journal of Power Sources 496, (2021) 229842.<\/li>\n\n\n\n<li>Low-Toxicity Perovskite Applications in Carbon Electrode Perovskite Solar Cells\u2014A Review, M. Bidikoudi, C. Simal, E. Stathatos, Electronics 10 (10), (2021) 1145.<\/li>\n\n\n\n<li>Unveiling the importance of dripping temperature control of hybrid organic-inorganic perovskite precursor solution for the fabrication of fully ambient air-processed perovskite solar cells D.A. Chalkias, A. Karavioti, A.N. Kalarakis, E. Stathatos. Solar Energy 224, (2021) 1017-1027.<\/li>\n\n\n\n<li>Exploring the Effect of Ammonium Iodide Salts Employed in Multication Perovskite Solar Cells with a Carbon Electrode M Bidikoudi, C Simal, V. Dracopoulos, E Stathatos. Molecules (2021), 26, 5737.<\/li>\n\n\n\n<li>Exploring the Effect of Lewis-Base Additives on the Performance and Stability of Mesoscopic Carbon-Electrode Perovskite Solar Cells, M Bidikoudi, C Simal, E Stathatos &#8211; ACS Applied Energy Materials, 4 (9), (2021) 8810-8823<\/li>\n<\/ol>\n\n\n\n<p class=\"has-text-align-center has-medium-font-size\"><a><\/a> <strong>2022<\/strong><\/p>\n\n\n\n<ol class=\"wp-block-list\" start=\"19\">\n<li>Low-temperature annealed methylammonium-free perovskites prepared under ambient conditions in C electrode-based perovskite solar cells M Bidikoudi, V. Dracopoulos, E Stathatos Energy Adv., (2022), 1, 76\u201386<\/li>\n\n\n\n<li>Non\u2010Traditional Positively\u2010Biased Narrow\u2010Band Perovskite Single\u2010Crystal Photodetectors Enabled by Interfacial Engineering. Junchi Li, Yifu Chen, Bin Zhang, Jia Li, Zaheen Uddin, Xinan Jiang, Xueyun Wang, Jiawang Hong, Yongbo Yuan, Elias Stathatos, Hanning Xiao, Anlian Pan, Yi Liu, Bin Yang. Adv.Optical Mater. (2022), 10, 2102225<\/li>\n\n\n\n<li>Synthesis of Zn\/Cu metal ion modified natural palygorskite clay \u2013 TiO<sub>2<\/sub> nanocomposites for the photocatalytic outdoor and indoor air purification. A Mavrikos, D Papoulis, N Todorova, I Papailias, C Trapalis, D Panagiotaras, DA Chalkias, E Stathatos, E Gianni, K Somalakidi, D Sygkridou, S Komarneni. Journal of Photochemistry and Photobiology A: Chemistry 423 (2022) 113568.<\/li>\n\n\n\n<li>Photocatalytic performance of graphene-based Cr-substituted \u03b2 ZnS nanocomposites DV Dake, ND Raskar, VA Mane, RB Sonpir, HA Khawal, U Deshpande, E Stathatos, BN Dole <em>Appl. Phys. A<\/em> 128, 276 (2022).<\/li>\n\n\n\n<li>Suppression of Coffee-ring Effect in Air-processed Inkjet-printed Perovskite Layer Towards the Fabrication of Efficient Large-sized All-printed Photovoltaics: A Perovskite Precursor Ink Concentration Regulation Strategy, D.A. Chalkias, A. Mourtzikou, G. Katsagounos, A. Karavioti, A.N. Kalarakis, E. Stathatos, Solar RRL (2022). 2200196.<\/li>\n\n\n\n<li>Stability assessment of carbon-based hole-transport-layer-free perovskite solar cells under accelerated ageing: A combined experimental and predictive modelling analysis, D.A. Chalkias, A. Karavioti, G.C. Papanicolaou, E. Stathatos, Electrochimica Acta 427, (2022) 140905<\/li>\n<\/ol>\n\n\n\n<p class=\"has-medium-font-size\"><strong>Old Publications<\/strong><\/p>\n\n\n\n<div class=\"wp-block-buttons is-layout-flex wp-block-buttons-is-layout-flex\">\n<div class=\"wp-block-button has-custom-width wp-block-button__width-25 is-style-fill\"><a class=\"wp-block-button__link wp-element-button\" href=\"http:\/\/naml.ece.uop.gr\/wp-content\/uploads\/2023\/01\/Publications.docx\" target=\"_blank\" rel=\"noreferrer noopener\">\u0394\u03b7\u03bc\u03bf\u03c3\u03b9\u03b5\u03cd\u03c3\u03b5\u03b9\u03c2<\/a><\/div>\n<\/div>","protected":false},"excerpt":{"rendered":"<p>Recent Publications 2020 2021 2022 Old Publications<\/p>","protected":false},"author":1,"featured_media":0,"parent":0,"menu_order":0,"comment_status":"closed","ping_status":"closed","template":"","meta":{"footnotes":""},"class_list":["post-117","page","type-page","status-publish","hentry"],"_links":{"self":[{"href":"http:\/\/naml.ece.uop.gr\/el\/wp-json\/wp\/v2\/pages\/117","targetHints":{"allow":["GET"]}}],"collection":[{"href":"http:\/\/naml.ece.uop.gr\/el\/wp-json\/wp\/v2\/pages"}],"about":[{"href":"http:\/\/naml.ece.uop.gr\/el\/wp-json\/wp\/v2\/types\/page"}],"author":[{"embeddable":true,"href":"http:\/\/naml.ece.uop.gr\/el\/wp-json\/wp\/v2\/users\/1"}],"replies":[{"embeddable":true,"href":"http:\/\/naml.ece.uop.gr\/el\/wp-json\/wp\/v2\/comments?post=117"}],"version-history":[{"count":10,"href":"http:\/\/naml.ece.uop.gr\/el\/wp-json\/wp\/v2\/pages\/117\/revisions"}],"predecessor-version":[{"id":396,"href":"http:\/\/naml.ece.uop.gr\/el\/wp-json\/wp\/v2\/pages\/117\/revisions\/396"}],"wp:attachment":[{"href":"http:\/\/naml.ece.uop.gr\/el\/wp-json\/wp\/v2\/media?parent=117"}],"curies":[{"name":"wp","href":"https:\/\/api.w.org\/{rel}","templated":true}]}}